{"id":93,"date":"2014-12-07T23:25:42","date_gmt":"2014-12-07T21:25:42","guid":{"rendered":"http:\/\/probitas.com.tr\/?page_id=93"},"modified":"2021-01-23T21:34:03","modified_gmt":"2021-01-23T18:34:03","slug":"sektorel","status":"publish","type":"page","link":"https:\/\/probitas.com.tr\/?page_id=93","title":{"rendered":"Sekt\u00f6rel"},"content":{"rendered":"\n<div class=\"wp-block-image\"><figure class=\"alignright size-large is-resized\"><a href=\"http:\/\/probitas.com.tr\/wp-content\/uploads\/2014\/12\/1139631174-113107.jpg\"><img loading=\"lazy\" src=\"http:\/\/probitas.com.tr\/wp-content\/uploads\/2014\/12\/1139631174-113107.jpg\" alt=\"\" class=\"wp-image-50\" width=\"265\" height=\"199\" srcset=\"https:\/\/probitas.com.tr\/wp-content\/uploads\/2014\/12\/1139631174-113107.jpg 640w, https:\/\/probitas.com.tr\/wp-content\/uploads\/2014\/12\/1139631174-113107-300x225.jpg 300w\" sizes=\"(max-width: 265px) 100vw, 265px\" \/><\/a><\/figure><\/div>\n\n\n<p>\u00a0<\/p>\n<ul>\n<li><a href=\"http:\/\/probitas.com.tr\/?page_id=82\">ArGe<\/a><\/li>\n<li><a href=\"http:\/\/probitas.com.tr\/?page_id=333\">Y\u00f6netim<\/a><\/li>\n<li><a title=\"Savunma\" href=\"http:\/\/probitas.com.tr\/?page_id=78\">Savunma<\/a><\/li>\n<li>Bilgi Teknolojileri<\/li>\n<li><a href=\"http:\/\/probitas.com.tr\/?page_id=339\">G\u00fcvenlik<\/a><\/li>\n<li><a href=\"http:\/\/probitas.com.tr\/?page_id=142\">E\u011fitim<\/a><\/li>\n<li>Sa\u011fl\u0131k<\/li>\n<li><a title=\"E-devlet\" href=\"http:\/\/probitas.com.tr\/?page_id=112\">E-devlet<\/a><\/li>\n<li><a title=\"Bilgi g\u00fcvenli\u011fi\" href=\"http:\/\/probitas.com.tr\/?page_id=119\">Bilgi G\u00fcvenli\u011fi<\/a><\/li>\n<\/ul>","protected":false},"excerpt":{"rendered":"<p>\u00a0 ArGe Y\u00f6netim Savunma Bilgi Teknolojileri G\u00fcvenlik E\u011fitim Sa\u011fl\u0131k E-devlet Bilgi G\u00fcvenli\u011fi<\/p>\n","protected":false},"author":1,"featured_media":0,"parent":0,"menu_order":0,"comment_status":"open","ping_status":"open","template":"","meta":[],"_links":{"self":[{"href":"https:\/\/probitas.com.tr\/index.php?rest_route=\/wp\/v2\/pages\/93"}],"collection":[{"href":"https:\/\/probitas.com.tr\/index.php?rest_route=\/wp\/v2\/pages"}],"about":[{"href":"https:\/\/probitas.com.tr\/index.php?rest_route=\/wp\/v2\/types\/page"}],"author":[{"embeddable":true,"href":"https:\/\/probitas.com.tr\/index.php?rest_route=\/wp\/v2\/users\/1"}],"replies":[{"embeddable":true,"href":"https:\/\/probitas.com.tr\/index.php?rest_route=%2Fwp%2Fv2%2Fcomments&post=93"}],"version-history":[{"count":10,"href":"https:\/\/probitas.com.tr\/index.php?rest_route=\/wp\/v2\/pages\/93\/revisions"}],"predecessor-version":[{"id":352,"href":"https:\/\/probitas.com.tr\/index.php?rest_route=\/wp\/v2\/pages\/93\/revisions\/352"}],"wp:attachment":[{"href":"https:\/\/probitas.com.tr\/index.php?rest_route=%2Fwp%2Fv2%2Fmedia&parent=93"}],"curies":[{"name":"wp","href":"https:\/\/api.w.org\/{rel}","templated":true}]}}