{"id":88,"date":"2014-12-07T23:17:35","date_gmt":"2014-12-07T21:17:35","guid":{"rendered":"http:\/\/probitas.com.tr\/?page_id=88"},"modified":"2025-03-06T08:55:18","modified_gmt":"2025-03-06T05:55:18","slug":"referanslar","status":"publish","type":"page","link":"https:\/\/probitas.com.tr\/?page_id=88","title":{"rendered":"Referanslar"},"content":{"rendered":"<p>EAS<\/p>\n<p>ELCO<\/p>\n<p><span style=\"line-height: 1.714285714; font-size: 1rem;\">SOFTEB YAZILIM<\/span><\/p>\n<p>SNS-BT\u00a0 (ERKUT, GH-TEL, DOTSOFT, &#8230;)<\/p>\n<p>DELOITTE -SGK<\/p>\n<p>SIEMENS<\/p>\n<p>BMG<\/p>\n<p>HEMA SAVUNMA<\/p>\n<p>T\u00dcMOSAN<\/p>\n<p>TURKSAT\/SOFTEB &#8211; TKGM<\/p>\n<p>SAVRON\u0130K<\/p>\n<p>EGM &#8211; SOFTEB<\/p>\n<p>KOSGEB<\/p>\n<p>SA\u011eLIK BAKANLI\u011eI &#8211; GMD<\/p>\n<p>ULA\u015eTIRMA DEN\u0130ZC\u0130L\u0130K ve HABERLE\u015eME BAKANLI\u011eI &#8211; SOFTEB<\/p>\n<p>YURT DI\u015eI T\u00dcRKLER BA\u015eKANLI\u011eI\u00a0 &#8211; TURNA TEKNOLOJ\u0130<\/p>\n<p>\u0130\u00c7 \u0130\u015eLER\u0130 BAKANLI\u011eI PLANET\/SOFTEB<\/p>\n<p>YAZAR YAZILIM<\/p>\n<p>TURNA YAZILIM TEKNOLOJ\u0130<\/p>\n<p>CFCU (MERKEZ\u0130 F\u0130NANS ve \u0130HALE B\u0130R\u0130M\u0130) &#8211; MULTICONTACT<\/p>\n<p>QUANIMO<\/p>\n<p>MAGDEBURGER S\u0130GORTA<\/p>\n<p>SIXT CAR RENTAL<\/p>\n<p>BORLEASE F\u0130LO K\u0130RALAMA<\/p>\n<p>MLG B\u0130L\u0130\u015e\u0130M &#8211; DHM\u0130<\/p>\n<p>ANGRUP<\/p>\n<p>NAC (NATIONAL ACCREDITATION CENTER)<\/p>\n<p>GLOB\u0130T (GLOBAL B\u0130LG\u0130 TEKNOLOJ\u0130LER\u0130)<\/p>\n<p>ET\u0130 GIDA SANAY\u0130 ve T\u0130CARET<\/p>\n<p>GALATASARAY \u00dcN\u0130VERS\u0130TES\u0130<\/p>\n<p>S\u0130SBEL S\u0130STEM E\u011e\u0130T\u0130M VE BELGELEND\u0130RME<\/p>\n<p><a href=\"http:\/\/probitas.com.tr\/wp-content\/uploads\/2014\/12\/circles_mandala.png\"><br \/>\n<img loading=\"lazy\" class=\"aligncenter  wp-image-177\" src=\"http:\/\/probitas.com.tr\/wp-content\/uploads\/2014\/12\/circles_mandala-300x300.png\" alt=\"Information is not knowledge. Albert Einstein\" width=\"148\" height=\"148\" srcset=\"https:\/\/probitas.com.tr\/wp-content\/uploads\/2014\/12\/circles_mandala-300x300.png 300w, https:\/\/probitas.com.tr\/wp-content\/uploads\/2014\/12\/circles_mandala-150x150.png 150w, https:\/\/probitas.com.tr\/wp-content\/uploads\/2014\/12\/circles_mandala.png 320w\" sizes=\"(max-width: 148px) 100vw, 148px\" \/><\/a><\/p>\n","protected":false},"excerpt":{"rendered":"<p>EAS ELCO SOFTEB YAZILIM SNS-BT\u00a0 (ERKUT, GH-TEL, DOTSOFT, &#8230;) DELOITTE -SGK SIEMENS BMG HEMA SAVUNMA T\u00dcMOSAN TURKSAT\/SOFTEB &#8211; TKGM SAVRON\u0130K EGM &#8211; SOFTEB KOSGEB SA\u011eLIK BAKANLI\u011eI &#8211; GMD ULA\u015eTIRMA DEN\u0130ZC\u0130L\u0130K ve HABERLE\u015eME BAKANLI\u011eI &#8211; SOFTEB YURT DI\u015eI T\u00dcRKLER BA\u015eKANLI\u011eI\u00a0 &#8211; TURNA TEKNOLOJ\u0130 \u0130\u00c7 \u0130\u015eLER\u0130 BAKANLI\u011eI PLANET\/SOFTEB YAZAR YAZILIM TURNA YAZILIM TEKNOLOJ\u0130 CFCU (MERKEZ\u0130 F\u0130NANS ve [&hellip;]<\/p>\n","protected":false},"author":1,"featured_media":0,"parent":69,"menu_order":0,"comment_status":"open","ping_status":"open","template":"","meta":[],"_links":{"self":[{"href":"https:\/\/probitas.com.tr\/index.php?rest_route=\/wp\/v2\/pages\/88"}],"collection":[{"href":"https:\/\/probitas.com.tr\/index.php?rest_route=\/wp\/v2\/pages"}],"about":[{"href":"https:\/\/probitas.com.tr\/index.php?rest_route=\/wp\/v2\/types\/page"}],"author":[{"embeddable":true,"href":"https:\/\/probitas.com.tr\/index.php?rest_route=\/wp\/v2\/users\/1"}],"replies":[{"embeddable":true,"href":"https:\/\/probitas.com.tr\/index.php?rest_route=%2Fwp%2Fv2%2Fcomments&post=88"}],"version-history":[{"count":15,"href":"https:\/\/probitas.com.tr\/index.php?rest_route=\/wp\/v2\/pages\/88\/revisions"}],"predecessor-version":[{"id":393,"href":"https:\/\/probitas.com.tr\/index.php?rest_route=\/wp\/v2\/pages\/88\/revisions\/393"}],"up":[{"embeddable":true,"href":"https:\/\/probitas.com.tr\/index.php?rest_route=\/wp\/v2\/pages\/69"}],"wp:attachment":[{"href":"https:\/\/probitas.com.tr\/index.php?rest_route=%2Fwp%2Fv2%2Fmedia&parent=88"}],"curies":[{"name":"wp","href":"https:\/\/api.w.org\/{rel}","templated":true}]}}