{"id":85,"date":"2014-12-07T23:11:59","date_gmt":"2014-12-07T21:11:59","guid":{"rendered":"http:\/\/probitas.com.tr\/?page_id=85"},"modified":"2025-03-06T09:04:26","modified_gmt":"2025-03-06T06:04:26","slug":"yonetsel","status":"publish","type":"page","link":"https:\/\/probitas.com.tr\/?page_id=85","title":{"rendered":"Yetkinlikler"},"content":{"rendered":"<p>\u2022 Tedarik Y\u00f6netimi, \u0130htiya\u00e7 Analizi, OCD, CONOPS, Fizibilite, Trade-off Analizleri, Tedarik Modelleri, \u015eartname Haz\u0131rlama, \u00c7ok Boyutlu De\u011ferlendirme \u00c7er\u00e7evesi Geli\u015ftirme<\/p>\n<p>\u2022 Kavramsal \u00c7\u00f6z\u00fcm geli\u015ftirme, Projelendirme, Ya\u015fam D\u00f6ng\u00fcs\u00fc Modellemesi<\/p>\n<p><a href=\"http:\/\/probitas.com.tr\/wp-content\/uploads\/2014\/12\/1139631174-11365.jpg\"><img loading=\"lazy\" class=\"alignright wp-image-45 size-medium\" src=\"http:\/\/probitas.com.tr\/wp-content\/uploads\/2014\/12\/1139631174-11365-300x225.jpg\" alt=\"test metin\" width=\"300\" height=\"225\" srcset=\"https:\/\/probitas.com.tr\/wp-content\/uploads\/2014\/12\/1139631174-11365-300x225.jpg 300w, https:\/\/probitas.com.tr\/wp-content\/uploads\/2014\/12\/1139631174-11365.jpg 640w\" sizes=\"(max-width: 300px) 100vw, 300px\" \/><\/a><\/p>\n<p><span style=\"line-height: 1.714285714; font-size: 1rem;\">\u2022 Program\/Proje Y\u00f6netimi (PMI)<\/span><\/p>\n<p>\u2022 S\u00f6zle\u015fme Y\u00f6netimi<\/p>\n<p>\u2022 Sistem M\u00fchendisli\u011fi Sistematikleri (MIL-STD 499, ISO\/IEC15288, CMMI)<\/p>\n<p>\u2022 Yaz\u0131l\u0131m M\u00fchendisli\u011fi Sistematikleri ve Yaz\u0131l\u0131m Proje Y\u00f6netimi (MIL-STD 498, ISO\/IEC 12207, CMMI, SPL)<\/p>\n<p>\u2022 Kalite G\u00fcvence, \u00a0Konfig\u00fcrasyon Y\u00f6netimi (MIL-STD 973)<\/p>\n<p>\u2022 IV&amp;V<\/p>\n<p>\u2022 Stratejik Y\u00f6netim ve Organizasyonel Planlama (ISO 9001, BPR, BSC)<\/p>\n<p>\u2022 Kalite Y\u00f6netim Sistemleri (TKY, ISO 9001, AQAP)<\/p>\n<p>\u2022 \u0130\u00e7 Kontrol Sistemi ve BT Y\u00f6neti\u015fimi (COSO, TCK 5018, COBIT, ISO\/IEC 27001\/27002, ITIL, CMMI Srv.)<\/p>\n<p>\u2022 Bilgi G\u00fcvenli\u011fi Y\u00f6netim Sistemi (ISO\/IEC 27001)<\/p>\n<p>\u2022 KVKK\/GDPR (ISO\/IEC 27701)<\/p>\n<p>\u2022 Sertifikasyon ve Akreditasyon \u015eemalar\u0131 (ISO 17011, ISO 17021, ISO 17065, ISO 17025, ASTM 2659)<\/p>\n<p>\u2022 Teknoloji Transferi, Sanayile\u015fme ve ARGE Y\u00f6netimi<\/p>\n","protected":false},"excerpt":{"rendered":"<p>\u2022 Tedarik Y\u00f6netimi, \u0130htiya\u00e7 Analizi, OCD, CONOPS, Fizibilite, Trade-off Analizleri, Tedarik Modelleri, \u015eartname Haz\u0131rlama, \u00c7ok Boyutlu De\u011ferlendirme \u00c7er\u00e7evesi Geli\u015ftirme \u2022 Kavramsal \u00c7\u00f6z\u00fcm geli\u015ftirme, Projelendirme, Ya\u015fam D\u00f6ng\u00fcs\u00fc Modellemesi \u2022 Program\/Proje Y\u00f6netimi (PMI) \u2022 S\u00f6zle\u015fme Y\u00f6netimi \u2022 Sistem M\u00fchendisli\u011fi Sistematikleri (MIL-STD 499, ISO\/IEC15288, CMMI) \u2022 Yaz\u0131l\u0131m M\u00fchendisli\u011fi Sistematikleri ve Yaz\u0131l\u0131m Proje Y\u00f6netimi (MIL-STD 498, ISO\/IEC 12207, CMMI, [&hellip;]<\/p>\n","protected":false},"author":1,"featured_media":0,"parent":69,"menu_order":0,"comment_status":"open","ping_status":"open","template":"","meta":[],"_links":{"self":[{"href":"https:\/\/probitas.com.tr\/index.php?rest_route=\/wp\/v2\/pages\/85"}],"collection":[{"href":"https:\/\/probitas.com.tr\/index.php?rest_route=\/wp\/v2\/pages"}],"about":[{"href":"https:\/\/probitas.com.tr\/index.php?rest_route=\/wp\/v2\/types\/page"}],"author":[{"embeddable":true,"href":"https:\/\/probitas.com.tr\/index.php?rest_route=\/wp\/v2\/users\/1"}],"replies":[{"embeddable":true,"href":"https:\/\/probitas.com.tr\/index.php?rest_route=%2Fwp%2Fv2%2Fcomments&post=85"}],"version-history":[{"count":12,"href":"https:\/\/probitas.com.tr\/index.php?rest_route=\/wp\/v2\/pages\/85\/revisions"}],"predecessor-version":[{"id":395,"href":"https:\/\/probitas.com.tr\/index.php?rest_route=\/wp\/v2\/pages\/85\/revisions\/395"}],"up":[{"embeddable":true,"href":"https:\/\/probitas.com.tr\/index.php?rest_route=\/wp\/v2\/pages\/69"}],"wp:attachment":[{"href":"https:\/\/probitas.com.tr\/index.php?rest_route=%2Fwp%2Fv2%2Fmedia&parent=85"}],"curies":[{"name":"wp","href":"https:\/\/api.w.org\/{rel}","templated":true}]}}