{"id":82,"date":"2014-12-07T22:59:51","date_gmt":"2014-12-07T20:59:51","guid":{"rendered":"http:\/\/probitas.com.tr\/?page_id=82"},"modified":"2022-11-01T18:58:10","modified_gmt":"2022-11-01T15:58:10","slug":"arge","status":"publish","type":"page","link":"https:\/\/probitas.com.tr\/?page_id=82","title":{"rendered":"ArGe"},"content":{"rendered":"<p>ARGE \u00e7al\u0131\u015fmalar\u0131m\u0131z:<\/p>\n<ul>\n<li>PMF Platform Modernization Framework (M60A3)<\/li>\n<li>AKRED\u0130TASYON Otomasyon Sistemi<\/li>\n<\/ul>\n<p><a href=\"http:\/\/probitas.com.tr\/wp-content\/uploads\/2014\/12\/1133404853-31187.jpg\"><img loading=\"lazy\" class=\"alignnone  wp-image-48\" src=\"http:\/\/probitas.com.tr\/wp-content\/uploads\/2014\/12\/1133404853-31187-300x225.jpg\" alt=\"1133404853-31187\" width=\"333\" height=\"250\" srcset=\"https:\/\/probitas.com.tr\/wp-content\/uploads\/2014\/12\/1133404853-31187-300x225.jpg 300w, https:\/\/probitas.com.tr\/wp-content\/uploads\/2014\/12\/1133404853-31187.jpg 640w\" sizes=\"(max-width: 333px) 100vw, 333px\" \/><\/a><\/p>\n\n\n<p><\/p>\n","protected":false},"excerpt":{"rendered":"<p>ARGE \u00e7al\u0131\u015fmalar\u0131m\u0131z: PMF Platform Modernization Framework (M60A3) AKRED\u0130TASYON Otomasyon Sistemi<\/p>\n","protected":false},"author":1,"featured_media":0,"parent":93,"menu_order":0,"comment_status":"open","ping_status":"open","template":"","meta":[],"_links":{"self":[{"href":"https:\/\/probitas.com.tr\/index.php?rest_route=\/wp\/v2\/pages\/82"}],"collection":[{"href":"https:\/\/probitas.com.tr\/index.php?rest_route=\/wp\/v2\/pages"}],"about":[{"href":"https:\/\/probitas.com.tr\/index.php?rest_route=\/wp\/v2\/types\/page"}],"author":[{"embeddable":true,"href":"https:\/\/probitas.com.tr\/index.php?rest_route=\/wp\/v2\/users\/1"}],"replies":[{"embeddable":true,"href":"https:\/\/probitas.com.tr\/index.php?rest_route=%2Fwp%2Fv2%2Fcomments&post=82"}],"version-history":[{"count":20,"href":"https:\/\/probitas.com.tr\/index.php?rest_route=\/wp\/v2\/pages\/82\/revisions"}],"predecessor-version":[{"id":386,"href":"https:\/\/probitas.com.tr\/index.php?rest_route=\/wp\/v2\/pages\/82\/revisions\/386"}],"up":[{"embeddable":true,"href":"https:\/\/probitas.com.tr\/index.php?rest_route=\/wp\/v2\/pages\/93"}],"wp:attachment":[{"href":"https:\/\/probitas.com.tr\/index.php?rest_route=%2Fwp%2Fv2%2Fmedia&parent=82"}],"curies":[{"name":"wp","href":"https:\/\/api.w.org\/{rel}","templated":true}]}}