{"id":78,"date":"2014-12-07T22:23:53","date_gmt":"2014-12-07T20:23:53","guid":{"rendered":"http:\/\/probitas.com.tr\/?page_id=78"},"modified":"2022-11-01T19:44:31","modified_gmt":"2022-11-01T16:44:31","slug":"savunma-guvenlik","status":"publish","type":"page","link":"https:\/\/probitas.com.tr\/?page_id=78","title":{"rendered":"Savunma"},"content":{"rendered":"<p><strong>Savunma projelerinde, \u00a0ihtiya\u00e7 makam\u0131, tedarik makam\u0131, ana y\u00fcklenici \/ sistem entegrat\u00f6r\u00fc, alty\u00fcklenici, temsilci ve dan\u0131\u015fman rollerinde kazand\u0131\u011f\u0131m\u0131z deneyimlerle projelerin ba\u015far\u0131ya ula\u015fmas\u0131na katk\u0131da bulunuyoruz.<\/strong><\/p>\n<p><a href=\"http:\/\/probitas.com.tr\/wp-content\/uploads\/2014\/12\/6544-geometric-mandala-coloring-pages.jpg\"><img loading=\"lazy\" class=\"aligncenter  wp-image-178\" src=\"http:\/\/probitas.com.tr\/wp-content\/uploads\/2014\/12\/6544-geometric-mandala-coloring-pages-300x300.jpg\" alt=\"\" width=\"158\" height=\"158\" srcset=\"https:\/\/probitas.com.tr\/wp-content\/uploads\/2014\/12\/6544-geometric-mandala-coloring-pages-300x300.jpg 300w, https:\/\/probitas.com.tr\/wp-content\/uploads\/2014\/12\/6544-geometric-mandala-coloring-pages-150x150.jpg 150w, https:\/\/probitas.com.tr\/wp-content\/uploads\/2014\/12\/6544-geometric-mandala-coloring-pages-1024x1024.jpg 1024w, https:\/\/probitas.com.tr\/wp-content\/uploads\/2014\/12\/6544-geometric-mandala-coloring-pages-624x624.jpg 624w, https:\/\/probitas.com.tr\/wp-content\/uploads\/2014\/12\/6544-geometric-mandala-coloring-pages.jpg 1100w\" sizes=\"(max-width: 158px) 100vw, 158px\" \/><\/a><\/p>\n<p>\u0130lgili deneyimlerimiz:<\/p>\n<p><a href=\"http:\/\/probitas.com.tr\/wp-content\/uploads\/2014\/12\/Probitassavunma.png\"><img loading=\"lazy\" class=\"wp-image-147  aligncenter\" src=\"http:\/\/probitas.com.tr\/wp-content\/uploads\/2014\/12\/Probitassavunma.png\" alt=\"Probitassavunma\" width=\"488\" height=\"349\" srcset=\"https:\/\/probitas.com.tr\/wp-content\/uploads\/2014\/12\/Probitassavunma.png 959w, https:\/\/probitas.com.tr\/wp-content\/uploads\/2014\/12\/Probitassavunma-300x214.png 300w, https:\/\/probitas.com.tr\/wp-content\/uploads\/2014\/12\/Probitassavunma-624x446.png 624w\" sizes=\"(max-width: 488px) 100vw, 488px\" \/><\/a><\/p>\n<p><strong>Savunma kurulu\u015flar\u0131nda etkin y\u00f6netim ve hizmet hedefleri :<\/strong><\/p>\n<p>1. Projelerin\/taahh\u00fctlerin makul s\u00fcre ve maliyetle, ba\u015far\u0131 ile tesliminin sa\u011flanmas\u0131<\/p>\n<p>2. Kurumsal verimlilik ve etkinli\u011fin iyile\u015ftirilmesi, karl\u0131l\u0131k ve s\u00fcrd\u00fcr\u00fclebilirli\u011fin sa\u011flanmas\u0131<\/p>\n<p>3. Kurulu\u015flar\u0131n yurtd\u0131\u015f\u0131nda rekabet g\u00fc\u00e7lerinin artt\u0131r\u0131lmas\u0131 ve i\u015fbirli\u011fi imkanlar\u0131n\u0131n geli\u015ftirilmesi<\/p>\n<p>4. Ba\u011f\u0131ms\u0131z do\u011frulama ge\u00e7erleme (IV&amp;V), program ve s\u00f6zle\u015fme y\u00f6netimi deste\u011fi ile program risklerinin asgariye indirilmesi<\/p>\n<div id=\"attachment_149\" style=\"width: 310px\" class=\"wp-caption alignleft\"><a href=\"http:\/\/probitas.com.tr\/wp-content\/uploads\/2014\/12\/kurumsal-\u00e7eviklik.png\"><img aria-describedby=\"caption-attachment-149\" loading=\"lazy\" class=\"wp-image-149 size-medium\" src=\"http:\/\/probitas.com.tr\/wp-content\/uploads\/2014\/12\/kurumsal-\u00e7eviklik-300x254.png\" alt=\"kurumsal \u00e7eviklik\" width=\"300\" height=\"254\" srcset=\"https:\/\/probitas.com.tr\/wp-content\/uploads\/2014\/12\/kurumsal-\u00e7eviklik-300x254.png 300w, https:\/\/probitas.com.tr\/wp-content\/uploads\/2014\/12\/kurumsal-\u00e7eviklik-624x529.png 624w, https:\/\/probitas.com.tr\/wp-content\/uploads\/2014\/12\/kurumsal-\u00e7eviklik.png 829w\" sizes=\"(max-width: 300px) 100vw, 300px\" \/><\/a><p id=\"caption-attachment-149\" class=\"wp-caption-text\">Kurumsal verimlilik, etkinlik ve \u00e7eviklik<\/p><\/div>\n<p><strong>Savunma projelerinde etkinlik, verimlilik ve \u00e7evik y\u00f6netim <\/strong>i\u00e7in farkl\u0131 sekt\u00f6rlere ait pratiklerinin savunmaya uygun bir \u015fekilde uyarlanmas\u0131 gereklili\u011fine inan\u0131yoruz.<\/p>\n<div class=\"mceTemp\"><\/div>\n<p><strong>Tedarik S\u00fcreci Dan\u0131\u015fmanl\u0131\u011f\u0131 ve E\u011fitimi;\u00a0\u00a0<\/strong>\u0130htiya\u00e7 Analizi, Konsept Geli\u015ftirme, Maliyet Etkinlik Analizleri, Market Analizi ve \u015eartname Geli\u015ftirme, De\u011ferlendirme \u015eemas\u0131 Geli\u015ftirme, Test ve Demonstrasyon Faaliyetleri Y\u00f6netimi, Teknoloji Transferi ve Sanayile\u015fme Modeli Geli\u015ftirme, S\u00f6zle\u015fme Geli\u015ftirme, Proje Y\u00f6netimi, S\u00f6zle\u015fme Y\u00f6netimi, Konfig\u00fcrasyon Y\u00f6netimi, Kalite Y\u00f6netimi, Bilgi Y\u00f6netimi, Do\u011frulama &amp; Ge\u00e7erleme, Kabul Testleri,.. (TUMOSAN, HATTAT, BUYUKMIH\u00c7I,\u00a0 IM, CFCU, ANGRUP vb.)<\/p>\n<p><strong>ISO\/IEC 12207 &amp; ISO\/IEC 15288 Uygulama Dan\u0131\u015fmanl\u0131\u011f\u0131 &amp; E\u011fitimi;<\/strong> Standartlar\u0131n tan\u0131t\u0131m\u0131, kurumsal uygulama fark analizi,\u00a0 \u00f6rnek projeler \u00fczerinde uygulama \u00f6rneklerinin ve faydalar\u0131n \u00e7al\u0131\u015f\u0131lmas\u0131 (SIEMENS, SOFTEB, SAVRON\u0130K, vb.)<\/p>\n<p><strong>Platform Modernizasyon Projeleri (MBT, M60, vb.<\/strong>); spesifik platformlar\u0131n ihtiya\u00e7 analizi ve konsept geli\u015ftirme \u00e7al\u0131\u015fmalar\u0131n\u0131n yap\u0131lmas\u0131, \u00fcr\u00fcn konfig\u00fcrasyonu se\u00e7imi ve etkinlik analizlerinin yap\u0131lmas\u0131, modernizasyon yol haritas\u0131 geli\u015ftirilmesi ve proje y\u00f6netim dan\u0131\u015fmanl\u0131\u011f\u0131 (PMF -Platform Modernization Framework Geli\u015ftirilmesi ve M60A3 Modernizasyonu Uygulamas\u0131)<\/p>\n","protected":false},"excerpt":{"rendered":"<p>Savunma projelerinde, \u00a0ihtiya\u00e7 makam\u0131, tedarik makam\u0131, ana y\u00fcklenici \/ sistem entegrat\u00f6r\u00fc, alty\u00fcklenici, temsilci ve dan\u0131\u015fman rollerinde kazand\u0131\u011f\u0131m\u0131z deneyimlerle projelerin ba\u015far\u0131ya ula\u015fmas\u0131na katk\u0131da bulunuyoruz. \u0130lgili deneyimlerimiz: Savunma kurulu\u015flar\u0131nda etkin y\u00f6netim ve hizmet hedefleri : 1. Projelerin\/taahh\u00fctlerin makul s\u00fcre ve maliyetle, ba\u015far\u0131 ile tesliminin sa\u011flanmas\u0131 2. Kurumsal verimlilik ve etkinli\u011fin iyile\u015ftirilmesi, karl\u0131l\u0131k ve s\u00fcrd\u00fcr\u00fclebilirli\u011fin sa\u011flanmas\u0131 3. Kurulu\u015flar\u0131n [&hellip;]<\/p>\n","protected":false},"author":1,"featured_media":0,"parent":93,"menu_order":0,"comment_status":"open","ping_status":"open","template":"","meta":[],"_links":{"self":[{"href":"https:\/\/probitas.com.tr\/index.php?rest_route=\/wp\/v2\/pages\/78"}],"collection":[{"href":"https:\/\/probitas.com.tr\/index.php?rest_route=\/wp\/v2\/pages"}],"about":[{"href":"https:\/\/probitas.com.tr\/index.php?rest_route=\/wp\/v2\/types\/page"}],"author":[{"embeddable":true,"href":"https:\/\/probitas.com.tr\/index.php?rest_route=\/wp\/v2\/users\/1"}],"replies":[{"embeddable":true,"href":"https:\/\/probitas.com.tr\/index.php?rest_route=%2Fwp%2Fv2%2Fcomments&post=78"}],"version-history":[{"count":13,"href":"https:\/\/probitas.com.tr\/index.php?rest_route=\/wp\/v2\/pages\/78\/revisions"}],"predecessor-version":[{"id":382,"href":"https:\/\/probitas.com.tr\/index.php?rest_route=\/wp\/v2\/pages\/78\/revisions\/382"}],"up":[{"embeddable":true,"href":"https:\/\/probitas.com.tr\/index.php?rest_route=\/wp\/v2\/pages\/93"}],"wp:attachment":[{"href":"https:\/\/probitas.com.tr\/index.php?rest_route=%2Fwp%2Fv2%2Fmedia&parent=78"}],"curies":[{"name":"wp","href":"https:\/\/api.w.org\/{rel}","templated":true}]}}