{"id":69,"date":"2014-12-07T01:42:17","date_gmt":"2014-12-06T23:42:17","guid":{"rendered":"http:\/\/probitas.com.tr\/?page_id=69"},"modified":"2022-04-26T22:18:32","modified_gmt":"2022-04-26T19:18:32","slug":"hakkimizda","status":"publish","type":"page","link":"https:\/\/probitas.com.tr\/","title":{"rendered":"Hakk\u0131m\u0131zda"},"content":{"rendered":"<p>2007 y\u0131l\u0131nda kurulmu\u015f olan PROB\u0130TAS, kamu ve \u00f6zel sekt\u00f6r kurulu\u015flar\u0131na\u00a0 dan\u0131\u015fmanl\u0131k ve e\u011fitim hizmetleri vermektedir. <a href=\"http:\/\/probitas.com.tr\/wp-content\/uploads\/2014\/12\/mandalaimages-1.jpg\"><img loading=\"lazy\" class=\"wp-image-180  alignleft\" src=\"http:\/\/probitas.com.tr\/wp-content\/uploads\/2014\/12\/mandalaimages-1.jpg\" alt=\"mandalaimages (1)\" width=\"165\" height=\"164\" srcset=\"https:\/\/probitas.com.tr\/wp-content\/uploads\/2014\/12\/mandalaimages-1.jpg 225w, https:\/\/probitas.com.tr\/wp-content\/uploads\/2014\/12\/mandalaimages-1-150x150.jpg 150w\" sizes=\"(max-width: 165px) 100vw, 165px\" \/><\/a><\/p>\n<p>Savunma, bilgi teknolojileri, e-devlet ve e\u011fitim sekt\u00f6rlerinde stratejik planlama, i\u015f geli\u015ftirme, proje y\u00f6netimi, s\u00f6zle\u015fme y\u00f6netimi, ba\u011f\u0131ms\u0131z do\u011frulama ve ge\u00e7erleme (IV&amp;V), kontrol\u00f6rl\u00fck,\u00a0 ihtiya\u00e7 analizi, sistem tasar\u0131m\u0131, i\u015f s\u00fcre\u00e7leri tasar\u0131m\u0131, organizasyonel yap\u0131lanma, performans y\u00f6netimi, i\u00e7 kontrol, kalite y\u00f6netimi, BT y\u00f6neti\u015fimi, bilgi g\u00fcvenli\u011fi ve ki\u015fisel veri y\u00f6netimi ba\u015fl\u0131ca \u00e7al\u0131\u015fma alanlar\u0131m\u0131zd\u0131r.<\/p>\n<div id=\"attachment_318\" style=\"width: 621px\" class=\"wp-caption aligncenter\"><a href=\"http:\/\/probitas.com.tr\/wp-content\/uploads\/2021\/01\/prob1.jpg\"><img aria-describedby=\"caption-attachment-318\" loading=\"lazy\" class=\"wp-image-318\" src=\"http:\/\/probitas.com.tr\/wp-content\/uploads\/2021\/01\/prob1-300x225.jpg\" alt=\"\" width=\"611\" height=\"458\" srcset=\"https:\/\/probitas.com.tr\/wp-content\/uploads\/2021\/01\/prob1-300x225.jpg 300w, https:\/\/probitas.com.tr\/wp-content\/uploads\/2021\/01\/prob1-1024x768.jpg 1024w, https:\/\/probitas.com.tr\/wp-content\/uploads\/2021\/01\/prob1-768x576.jpg 768w, https:\/\/probitas.com.tr\/wp-content\/uploads\/2021\/01\/prob1-1536x1152.jpg 1536w, https:\/\/probitas.com.tr\/wp-content\/uploads\/2021\/01\/prob1-624x468.jpg 624w, https:\/\/probitas.com.tr\/wp-content\/uploads\/2021\/01\/prob1.jpg 2048w\" sizes=\"(max-width: 611px) 100vw, 611px\" \/><\/a><p id=\"caption-attachment-318\" class=\"wp-caption-text\">(c) 2020 probitas<\/p><\/div>\n\n\n<p><\/p>\n","protected":false},"excerpt":{"rendered":"<p>2007 y\u0131l\u0131nda kurulmu\u015f olan PROB\u0130TAS, kamu ve \u00f6zel sekt\u00f6r kurulu\u015flar\u0131na\u00a0 dan\u0131\u015fmanl\u0131k ve e\u011fitim hizmetleri vermektedir. Savunma, bilgi teknolojileri, e-devlet ve e\u011fitim sekt\u00f6rlerinde stratejik planlama, i\u015f geli\u015ftirme, proje y\u00f6netimi, s\u00f6zle\u015fme y\u00f6netimi, ba\u011f\u0131ms\u0131z do\u011frulama ve ge\u00e7erleme (IV&amp;V), kontrol\u00f6rl\u00fck,\u00a0 ihtiya\u00e7 analizi, sistem tasar\u0131m\u0131, i\u015f s\u00fcre\u00e7leri tasar\u0131m\u0131, organizasyonel yap\u0131lanma, performans y\u00f6netimi, i\u00e7 kontrol, kalite y\u00f6netimi, BT y\u00f6neti\u015fimi, bilgi g\u00fcvenli\u011fi [&hellip;]<\/p>\n","protected":false},"author":1,"featured_media":0,"parent":0,"menu_order":1,"comment_status":"closed","ping_status":"open","template":"","meta":[],"_links":{"self":[{"href":"https:\/\/probitas.com.tr\/index.php?rest_route=\/wp\/v2\/pages\/69"}],"collection":[{"href":"https:\/\/probitas.com.tr\/index.php?rest_route=\/wp\/v2\/pages"}],"about":[{"href":"https:\/\/probitas.com.tr\/index.php?rest_route=\/wp\/v2\/types\/page"}],"author":[{"embeddable":true,"href":"https:\/\/probitas.com.tr\/index.php?rest_route=\/wp\/v2\/users\/1"}],"replies":[{"embeddable":true,"href":"https:\/\/probitas.com.tr\/index.php?rest_route=%2Fwp%2Fv2%2Fcomments&post=69"}],"version-history":[{"count":25,"href":"https:\/\/probitas.com.tr\/index.php?rest_route=\/wp\/v2\/pages\/69\/revisions"}],"predecessor-version":[{"id":378,"href":"https:\/\/probitas.com.tr\/index.php?rest_route=\/wp\/v2\/pages\/69\/revisions\/378"}],"wp:attachment":[{"href":"https:\/\/probitas.com.tr\/index.php?rest_route=%2Fwp%2Fv2%2Fmedia&parent=69"}],"curies":[{"name":"wp","href":"https:\/\/api.w.org\/{rel}","templated":true}]}}