{"id":339,"date":"2021-01-21T23:54:36","date_gmt":"2021-01-21T20:54:36","guid":{"rendered":"http:\/\/probitas.com.tr\/?page_id=339"},"modified":"2021-01-22T00:10:28","modified_gmt":"2021-01-21T21:10:28","slug":"guvenlik","status":"publish","type":"page","link":"https:\/\/probitas.com.tr\/?page_id=339","title":{"rendered":"G\u00fcvenlik"},"content":{"rendered":"\n<p><strong>Su\u00e7 Analizi;<\/strong> su\u00e7 bilgilerini uygun \u015fekilde toplay\u0131p, i\u015fleyerek; stratejik, operasyonel ve taktik su\u00e7 analizi y\u00f6ntemleri ile su\u00e7un azalt\u0131lmas\u0131 veya su\u00e7lunun tespit edilip, yakalanmas\u0131na y\u00f6nelik co\u011frafi bilgi destekli i\u015f s\u00fcre\u00e7leri ve yaz\u0131l\u0131m uygulamalar\u0131n\u0131n geli\u015ftirilmesi.<\/p>\n\n\n\n<div class=\"wp-block-image\"><figure class=\"aligncenter size-large\"><a href=\"http:\/\/probitas.com.tr\/wp-content\/uploads\/2021\/01\/crime.png\"><img loading=\"lazy\" width=\"279\" height=\"218\" src=\"http:\/\/probitas.com.tr\/wp-content\/uploads\/2021\/01\/crime.png\" alt=\"\" class=\"wp-image-340\"\/><\/a><\/figure><\/div>\n\n\n\n<p><strong>Kritik Tesis G\u00fcvenli\u011fi;<\/strong> Kritik tesislerin kabul g\u00f6rm\u00fc\u015f g\u00fcvenlik standartlar\u0131na g\u00f6re fiziki ve elektronik g\u00fcvenlik analizlerinin yap\u0131lmas\u0131, g\u00fcvenlik sisteminin projelendirilmesi . (CIP metodolojisi ile Havaalan\u0131, VIP ve D\u0131\u015f Temsilcilik Kritik Tesis G\u00fcvenli\u011fi Projelendirmeleri- ANGRUP)<\/p>\n\n\n\n<div class=\"wp-block-image\"><figure class=\"alignleft size-large is-resized\"><a href=\"http:\/\/probitas.com.tr\/wp-content\/uploads\/2021\/01\/image-1.png\"><img loading=\"lazy\" src=\"http:\/\/probitas.com.tr\/wp-content\/uploads\/2021\/01\/image-1.png\" alt=\"\" class=\"wp-image-342\" width=\"299\" height=\"162\" srcset=\"https:\/\/probitas.com.tr\/wp-content\/uploads\/2021\/01\/image-1.png 808w, https:\/\/probitas.com.tr\/wp-content\/uploads\/2021\/01\/image-1-300x163.png 300w, https:\/\/probitas.com.tr\/wp-content\/uploads\/2021\/01\/image-1-768x416.png 768w, https:\/\/probitas.com.tr\/wp-content\/uploads\/2021\/01\/image-1-624x338.png 624w\" sizes=\"(max-width: 299px) 100vw, 299px\" \/><\/a><\/figure><\/div>\n\n\n\n<figure class=\"wp-block-image size-large is-resized\"><a href=\"http:\/\/probitas.com.tr\/wp-content\/uploads\/2021\/01\/image.png\"><img loading=\"lazy\" src=\"http:\/\/probitas.com.tr\/wp-content\/uploads\/2021\/01\/image.png\" alt=\"\" class=\"wp-image-341\" width=\"258\" height=\"200\" srcset=\"https:\/\/probitas.com.tr\/wp-content\/uploads\/2021\/01\/image.png 771w, https:\/\/probitas.com.tr\/wp-content\/uploads\/2021\/01\/image-300x232.png 300w, https:\/\/probitas.com.tr\/wp-content\/uploads\/2021\/01\/image-768x595.png 768w, https:\/\/probitas.com.tr\/wp-content\/uploads\/2021\/01\/image-624x483.png 624w\" sizes=\"(max-width: 258px) 100vw, 258px\" \/><\/a><\/figure>\n\n\n\n<p><strong>Afet ve Acil Durum Sistem Analizi, Tasar\u0131m ve E\u011fitimleri<\/strong>; ICAO, IMO uyumlu afet ve acil durum y\u00f6netim sistemi kurulumu ve e\u011fitimleri ve olgunluk modelleri geli\u015ftirilmesi (Ref: Afet ve Acil Durum Sistemi Yaz\u0131l\u0131m\u0131 Analizi)<\/p>\n\n\n\n<div class=\"wp-block-image\"><figure class=\"aligncenter is-resized\"><img loading=\"lazy\" src=\"https:\/\/store.icao.int\/media\/catalog\/product\/i\/c\/icao_doc_9481_2021-22_en_cover_magento.jpg?quality=80&amp;bg-color=255,255,255&amp;fit=bounds&amp;height=&amp;width=\" alt=\"Emergency Response Guidance for Aircraft Incidents Involving Dangerous  Goods 2021-2022 (Doc 9481) | ICAO Store\" width=\"277\" height=\"355\"\/><\/figure><\/div>\n\n\n\n<p><strong>D\u00fczensiz G\u00f6\u00e7 Risk Analizi ve S\u0131n\u0131r Y\u00f6netimi,<\/strong>\u00a0(Ref: NACORAC Ulusal Koordinasyon ve Risk Analiz Merkezi \u0130\u015f S\u00fcre\u00e7leri, Organizasyonel Yap\u0131 ve Bilgi Teknolojisi Altyap\u0131s\u0131 Analiz ve Tasar\u0131m\u0131n\u0131n FRONTEX modeline g\u00f6re tasarlanmas\u0131, Suriyeli D\u00fczensiz G\u00f6\u00e7 Hareketlerine y\u00f6nelik Sosyal Entegrasyon \u00d6l\u00e7\u00fcm\u00fc, S\u0131\u011f\u0131nmac\u0131 \u00c7ocuklar\u0131n E\u011fitimi Projeleri)<\/p>\n\n\n\n<figure class=\"wp-block-image is-resized\"><img loading=\"lazy\" src=\"https:\/\/frontex.europa.eu\/thumb\/Intelligence\/risk-diagram-graph4.prop_750x.61bc87b77d.png\" alt=\"\" width=\"452\" height=\"340\"\/><figcaption>https:\/\/frontex.europa.eu\/intelligence\/ciram\/<\/figcaption><\/figure>\n","protected":false},"excerpt":{"rendered":"<p>Su\u00e7 Analizi; su\u00e7 bilgilerini uygun \u015fekilde toplay\u0131p, i\u015fleyerek; stratejik, operasyonel ve taktik su\u00e7 analizi y\u00f6ntemleri ile su\u00e7un azalt\u0131lmas\u0131 veya su\u00e7lunun tespit edilip, yakalanmas\u0131na y\u00f6nelik co\u011frafi bilgi destekli i\u015f s\u00fcre\u00e7leri ve yaz\u0131l\u0131m uygulamalar\u0131n\u0131n geli\u015ftirilmesi. Kritik Tesis G\u00fcvenli\u011fi; Kritik tesislerin kabul g\u00f6rm\u00fc\u015f g\u00fcvenlik standartlar\u0131na g\u00f6re fiziki ve elektronik g\u00fcvenlik analizlerinin yap\u0131lmas\u0131, g\u00fcvenlik sisteminin projelendirilmesi . (CIP metodolojisi [&hellip;]<\/p>\n","protected":false},"author":1,"featured_media":0,"parent":93,"menu_order":3,"comment_status":"closed","ping_status":"closed","template":"","meta":[],"_links":{"self":[{"href":"https:\/\/probitas.com.tr\/index.php?rest_route=\/wp\/v2\/pages\/339"}],"collection":[{"href":"https:\/\/probitas.com.tr\/index.php?rest_route=\/wp\/v2\/pages"}],"about":[{"href":"https:\/\/probitas.com.tr\/index.php?rest_route=\/wp\/v2\/types\/page"}],"author":[{"embeddable":true,"href":"https:\/\/probitas.com.tr\/index.php?rest_route=\/wp\/v2\/users\/1"}],"replies":[{"embeddable":true,"href":"https:\/\/probitas.com.tr\/index.php?rest_route=%2Fwp%2Fv2%2Fcomments&post=339"}],"version-history":[{"count":1,"href":"https:\/\/probitas.com.tr\/index.php?rest_route=\/wp\/v2\/pages\/339\/revisions"}],"predecessor-version":[{"id":345,"href":"https:\/\/probitas.com.tr\/index.php?rest_route=\/wp\/v2\/pages\/339\/revisions\/345"}],"up":[{"embeddable":true,"href":"https:\/\/probitas.com.tr\/index.php?rest_route=\/wp\/v2\/pages\/93"}],"wp:attachment":[{"href":"https:\/\/probitas.com.tr\/index.php?rest_route=%2Fwp%2Fv2%2Fmedia&parent=339"}],"curies":[{"name":"wp","href":"https:\/\/api.w.org\/{rel}","templated":true}]}}