{"id":333,"date":"2021-01-21T22:56:54","date_gmt":"2021-01-21T19:56:54","guid":{"rendered":"http:\/\/probitas.com.tr\/?page_id=333"},"modified":"2021-01-23T21:36:57","modified_gmt":"2021-01-23T18:36:57","slug":"yonetim","status":"publish","type":"page","link":"https:\/\/probitas.com.tr\/?page_id=333","title":{"rendered":"Y\u00f6netim"},"content":{"rendered":"\n<div class=\"wp-block-image\"><figure class=\"alignright size-large is-resized\"><a href=\"http:\/\/probitas.com.tr\/wp-content\/uploads\/2014\/12\/performans-y\u00f6netimiresmi.png\"><img loading=\"lazy\" src=\"http:\/\/probitas.com.tr\/wp-content\/uploads\/2014\/12\/performans-y\u00f6netimiresmi-1024x771.png\" alt=\"\" class=\"wp-image-172\" width=\"380\" height=\"283\"\/><\/a><figcaption>kamuda strateji (hedef odakl\u0131) performans y\u00f6netimi <\/figcaption><\/figure><\/div>\n\n\n\n<ul><li>Mevcut Durum Analizi ve \u0130yile\u015ftirme Program\u0131 Geli\u015ftirme<\/li><li>Stratejik Planlama<\/li><li>\u0130\u015f S\u00fcre\u00e7leri Tasar\u0131m\u0131<\/li><li>Organizasyonel Planlama<\/li><li>Yeniden Yap\u0131land\u0131rma<\/li><li>Kalite Y\u00f6netim Sistemi<\/li><li>\u0130\u00e7 Kontrol Sistemi <\/li><li>Performans Y\u00f6netim Sistemi <\/li><li>Bilgi Teknolojileri Stratejik Planlamas\u0131<\/li><li>Kurumsal M\u00fckemmellik Modeli Geli\u015ftirme<\/li><li>De\u011fi\u015fim Y\u00f6netimi<\/li><li>Denetim ve \u0130yile\u015ftirme<\/li><\/ul>\n\n\n\n<div class=\"wp-block-image\"><figure class=\"alignleft size-large is-resized\"><a href=\"http:\/\/probitas.com.tr\/wp-content\/uploads\/2021\/01\/turbo.png\"><img loading=\"lazy\" src=\"http:\/\/probitas.com.tr\/wp-content\/uploads\/2021\/01\/turbo.png\" alt=\"\" class=\"wp-image-315\" width=\"316\" height=\"329\" srcset=\"https:\/\/probitas.com.tr\/wp-content\/uploads\/2021\/01\/turbo.png 694w, https:\/\/probitas.com.tr\/wp-content\/uploads\/2021\/01\/turbo-289x300.png 289w, https:\/\/probitas.com.tr\/wp-content\/uploads\/2021\/01\/turbo-624x647.png 624w\" sizes=\"(max-width: 316px) 100vw, 316px\" \/><\/a><figcaption>Wassily Kandinsky<\/figcaption><\/figure><\/div>\n","protected":false},"excerpt":{"rendered":"<p>Mevcut Durum Analizi ve \u0130yile\u015ftirme Program\u0131 Geli\u015ftirme Stratejik Planlama \u0130\u015f S\u00fcre\u00e7leri Tasar\u0131m\u0131 Organizasyonel Planlama Yeniden Yap\u0131land\u0131rma Kalite Y\u00f6netim Sistemi \u0130\u00e7 Kontrol Sistemi Performans Y\u00f6netim Sistemi Bilgi Teknolojileri Stratejik Planlamas\u0131 Kurumsal M\u00fckemmellik Modeli Geli\u015ftirme De\u011fi\u015fim Y\u00f6netimi Denetim ve \u0130yile\u015ftirme<\/p>\n","protected":false},"author":1,"featured_media":0,"parent":93,"menu_order":1,"comment_status":"closed","ping_status":"closed","template":"","meta":[],"_links":{"self":[{"href":"https:\/\/probitas.com.tr\/index.php?rest_route=\/wp\/v2\/pages\/333"}],"collection":[{"href":"https:\/\/probitas.com.tr\/index.php?rest_route=\/wp\/v2\/pages"}],"about":[{"href":"https:\/\/probitas.com.tr\/index.php?rest_route=\/wp\/v2\/types\/page"}],"author":[{"embeddable":true,"href":"https:\/\/probitas.com.tr\/index.php?rest_route=\/wp\/v2\/users\/1"}],"replies":[{"embeddable":true,"href":"https:\/\/probitas.com.tr\/index.php?rest_route=%2Fwp%2Fv2%2Fcomments&post=333"}],"version-history":[{"count":2,"href":"https:\/\/probitas.com.tr\/index.php?rest_route=\/wp\/v2\/pages\/333\/revisions"}],"predecessor-version":[{"id":354,"href":"https:\/\/probitas.com.tr\/index.php?rest_route=\/wp\/v2\/pages\/333\/revisions\/354"}],"up":[{"embeddable":true,"href":"https:\/\/probitas.com.tr\/index.php?rest_route=\/wp\/v2\/pages\/93"}],"wp:attachment":[{"href":"https:\/\/probitas.com.tr\/index.php?rest_route=%2Fwp%2Fv2%2Fmedia&parent=333"}],"curies":[{"name":"wp","href":"https:\/\/api.w.org\/{rel}","templated":true}]}}