{"id":142,"date":"2021-01-15T23:04:52","date_gmt":"2021-01-15T20:04:52","guid":{"rendered":"http:\/\/probitas.com.tr\/?page_id=142"},"modified":"2021-01-16T01:08:28","modified_gmt":"2021-01-15T22:08:28","slug":"egitim","status":"publish","type":"page","link":"https:\/\/probitas.com.tr\/?page_id=142","title":{"rendered":"E\u011fitim"},"content":{"rendered":"\n<p>E\u011fitimlerimizi uluslararas\u0131 kabul g\u00f6rm\u00fc\u015f yetkinlik \u00e7er\u00e7evelerine ve kurumun ihtiyac\u0131na g\u00f6re, uygulamal\u0131 \u015fekilde d\u00fczenliyor ve kat\u0131l\u0131mc\u0131lar\u0131n uluslararas\u0131 ge\u00e7erli \u015fekilde (NAC\/IPC onayl\u0131) sertifikaland\u0131r\u0131lmas\u0131na yard\u0131mc\u0131 oluyoruz.  <\/p>\n\n\n\n<p>Kurumsal e\u011fitim ihtiya\u00e7 analizi ve fark yaratacak yetkinlik kazan\u0131mlar\u0131 i\u00e7in info@probitas.com.tr.<\/p>\n\n\n\n<p><\/p>\n\n\n\n<p><strong>Savunma Projeleri Tedarik S\u00fcreci E\u011fitimi<\/strong><\/p>\n\n\n\n<p><strong>E-D\u00f6n\u00fc\u015f\u00fcm ve Yaz\u0131l\u0131m Projeleri Tedarik S\u00fcreci E\u011fitimi<\/strong><\/p>\n\n\n\n<p><strong>ISO\/IEC 15288 Sistem ve Yaz\u0131l\u0131m M\u00fchendisli\u011fi &#8211; Sistem Ya\u015fam D\u00f6ng\u00fcs\u00fc S\u00fcre\u00e7leri E\u011fitimi<\/strong><\/p>\n\n\n\n<p><strong>ISO\/IEC 12207 Yaz\u0131l\u0131m M\u00fchendisli\u011fi Ya\u015fam D\u00f6ng\u00fcs\u00fc S\u00fcre\u00e7leri E\u011fitimi<\/strong><\/p>\n\n\n\n<p><strong>ISO\/IEC 27001 Bilgi G\u00fcvenli\u011fi Y\u00f6netim Sistemi Ba\u015f Tetkik\u00e7i E\u011fitimi<\/strong><\/p>\n\n\n\n<p><strong>ISO\/IEC 27701\/KVKK\/GDPR Uyumluluk Dan\u0131\u015fmanl\u0131\u011f\u0131 E\u011fitimi<\/strong><\/p>\n\n\n\n<p><strong>ISO\/IEC 27701 Ki\u015fisel Bilgi G\u00fcvenli\u011fi Y\u00f6netim Sistemi Ba\u015f Tetkik\u00e7i E\u011fitimi<\/strong> <\/p>\n\n\n\n<div class=\"wp-block-image\"><figure class=\"aligncenter size-large is-resized\"><a href=\"http:\/\/probitas.com.tr\/wp-content\/uploads\/2014\/12\/mandala.jpg\"><img loading=\"lazy\" src=\"http:\/\/probitas.com.tr\/wp-content\/uploads\/2014\/12\/mandala.jpg\" alt=\"e\u011fitim\" class=\"wp-image-182\" width=\"140\" height=\"132\" srcset=\"https:\/\/probitas.com.tr\/wp-content\/uploads\/2014\/12\/mandala.jpg 800w, https:\/\/probitas.com.tr\/wp-content\/uploads\/2014\/12\/mandala-300x283.jpg 300w, https:\/\/probitas.com.tr\/wp-content\/uploads\/2014\/12\/mandala-624x590.jpg 624w\" sizes=\"(max-width: 140px) 100vw, 140px\" \/><\/a><\/figure><\/div>\n\n\n\n<p class=\"has-text-align-center\">Information is not knowledge.<em><br>Albert Einstein<\/em><\/p>\n","protected":false},"excerpt":{"rendered":"<p>E\u011fitimlerimizi uluslararas\u0131 kabul g\u00f6rm\u00fc\u015f yetkinlik \u00e7er\u00e7evelerine ve kurumun ihtiyac\u0131na g\u00f6re, uygulamal\u0131 \u015fekilde d\u00fczenliyor ve kat\u0131l\u0131mc\u0131lar\u0131n uluslararas\u0131 ge\u00e7erli \u015fekilde (NAC\/IPC onayl\u0131) sertifikaland\u0131r\u0131lmas\u0131na yard\u0131mc\u0131 oluyoruz. Kurumsal e\u011fitim ihtiya\u00e7 analizi ve fark yaratacak yetkinlik kazan\u0131mlar\u0131 i\u00e7in info@probitas.com.tr. Savunma Projeleri Tedarik S\u00fcreci E\u011fitimi E-D\u00f6n\u00fc\u015f\u00fcm ve Yaz\u0131l\u0131m Projeleri Tedarik S\u00fcreci E\u011fitimi ISO\/IEC 15288 Sistem ve Yaz\u0131l\u0131m M\u00fchendisli\u011fi &#8211; Sistem Ya\u015fam [&hellip;]<\/p>\n","protected":false},"author":1,"featured_media":0,"parent":0,"menu_order":4,"comment_status":"closed","ping_status":"closed","template":"","meta":[],"_links":{"self":[{"href":"https:\/\/probitas.com.tr\/index.php?rest_route=\/wp\/v2\/pages\/142"}],"collection":[{"href":"https:\/\/probitas.com.tr\/index.php?rest_route=\/wp\/v2\/pages"}],"about":[{"href":"https:\/\/probitas.com.tr\/index.php?rest_route=\/wp\/v2\/types\/page"}],"author":[{"embeddable":true,"href":"https:\/\/probitas.com.tr\/index.php?rest_route=\/wp\/v2\/users\/1"}],"replies":[{"embeddable":true,"href":"https:\/\/probitas.com.tr\/index.php?rest_route=%2Fwp%2Fv2%2Fcomments&post=142"}],"version-history":[{"count":5,"href":"https:\/\/probitas.com.tr\/index.php?rest_route=\/wp\/v2\/pages\/142\/revisions"}],"predecessor-version":[{"id":302,"href":"https:\/\/probitas.com.tr\/index.php?rest_route=\/wp\/v2\/pages\/142\/revisions\/302"}],"wp:attachment":[{"href":"https:\/\/probitas.com.tr\/index.php?rest_route=%2Fwp%2Fv2%2Fmedia&parent=142"}],"curies":[{"name":"wp","href":"https:\/\/api.w.org\/{rel}","templated":true}]}}