{"id":119,"date":"2014-12-08T01:31:57","date_gmt":"2014-12-07T23:31:57","guid":{"rendered":"http:\/\/probitas.com.tr\/?page_id=119"},"modified":"2021-01-21T21:42:51","modified_gmt":"2021-01-21T18:42:51","slug":"bilgi-guvenligi","status":"publish","type":"page","link":"https:\/\/probitas.com.tr\/?page_id=119","title":{"rendered":"Bilgi g\u00fcvenli\u011fi ve Ki\u015fisel Verilerin Korunmas\u0131 (KVKK)"},"content":{"rendered":"<p><strong>Bilgi G\u00fcvenli\u011fi Y\u00f6netim Sistemi ve Ki\u015fisel Veri G\u00fcvenli\u011fi Y\u00f6netim Sistemlerini ISO\/IEC 27001, ISO\/IEC 27701 (GDPR) standartlar\u0131na uygun \u015fekilde kurmakta, e\u011fitimini vermekte ve sertifikaland\u0131r\u0131lmas\u0131n\u0131 sa\u011flamaktay\u0131z.<\/strong><\/p>\n<p><a href=\"http:\/\/probitas.com.tr\/wp-content\/uploads\/2021\/01\/probitaskvkk.png\"><img loading=\"lazy\" class=\"aligncenter  wp-image-320\" src=\"http:\/\/probitas.com.tr\/wp-content\/uploads\/2021\/01\/probitaskvkk-300x179.png\" alt=\"\" width=\"565\" height=\"337\" srcset=\"https:\/\/probitas.com.tr\/wp-content\/uploads\/2021\/01\/probitaskvkk-300x179.png 300w, https:\/\/probitas.com.tr\/wp-content\/uploads\/2021\/01\/probitaskvkk-1024x612.png 1024w, https:\/\/probitas.com.tr\/wp-content\/uploads\/2021\/01\/probitaskvkk-768x459.png 768w, https:\/\/probitas.com.tr\/wp-content\/uploads\/2021\/01\/probitaskvkk-1536x918.png 1536w, https:\/\/probitas.com.tr\/wp-content\/uploads\/2021\/01\/probitaskvkk-624x373.png 624w, https:\/\/probitas.com.tr\/wp-content\/uploads\/2021\/01\/probitaskvkk.png 1699w\" sizes=\"(max-width: 565px) 100vw, 565px\" \/><\/a><\/p>\n<p style=\"text-align: center;\"><em>Uluslararas\u0131 Standartlara Uygun\u00a0 Ki\u015fisel Veri G\u00fcvenli\u011fi Risk Analizi<\/em><a href=\"http:\/\/probitas.com.tr\/wp-content\/uploads\/2020\/12\/a3.png\"><img loading=\"lazy\" class=\"aligncenter wp-image-259\" src=\"http:\/\/probitas.com.tr\/wp-content\/uploads\/2020\/12\/a3.png\" alt=\"\" width=\"564\" height=\"331\" \/><\/a><\/p>\n<p style=\"text-align: center;\"><em>Anlaml\u0131 ve Uygulanabilir Ki\u015fisel Veri \u0130\u015fleme Envanteri<\/em><\/p>\n<p style=\"text-align: center;\"><a href=\"http:\/\/probitas.com.tr\/wp-content\/uploads\/2020\/12\/a2Resim1.png\"><img loading=\"lazy\" class=\"wp-image-260 aligncenter\" src=\"http:\/\/probitas.com.tr\/wp-content\/uploads\/2020\/12\/a2Resim1-300x128.png\" alt=\"\" width=\"566\" height=\"242\" srcset=\"https:\/\/probitas.com.tr\/wp-content\/uploads\/2020\/12\/a2Resim1-300x128.png 300w, https:\/\/probitas.com.tr\/wp-content\/uploads\/2020\/12\/a2Resim1.png 401w\" sizes=\"(max-width: 566px) 100vw, 566px\" \/><\/a><\/p>\n<p style=\"text-align: center;\"><em>Ki\u015fisel Verilerin Korunmas\u0131 Kanununa , GDPR ve ISO\/IEC 27701\u2019e tam uyumlu maliyet-etkin \u00e7\u00f6z\u00fcm<\/em><\/p>\n<p><a href=\"http:\/\/probitas.com.tr\/wp-content\/uploads\/2020\/12\/a1Resim1.png\"><img loading=\"lazy\" class=\"aligncenter wp-image-261\" src=\"http:\/\/probitas.com.tr\/wp-content\/uploads\/2020\/12\/a1Resim1-300x209.png\" alt=\"\" width=\"332\" height=\"231\" srcset=\"https:\/\/probitas.com.tr\/wp-content\/uploads\/2020\/12\/a1Resim1-300x209.png 300w, https:\/\/probitas.com.tr\/wp-content\/uploads\/2020\/12\/a1Resim1.png 395w\" sizes=\"(max-width: 332px) 100vw, 332px\" \/><\/a><\/p>\n<ul>\n<li>Kamu Kurulu\u015flar\u0131 ve Belediyeler<\/li>\n<li>Sigortac\u0131l\u0131k<\/li>\n<li>Filo Kiralama<\/li>\n<li>Bili\u015fim Teknolojileri<\/li>\n<li>Ara\u00e7 Kiralama<\/li>\n<li>Sa\u011fl\u0131k<\/li>\n<li>Turizm \/ Ula\u015ft\u0131rma<\/li>\n<\/ul>\n<p>ki\u015fisel veri y\u00f6netiminde zor sekt\u00f6rlerde uluslararas\u0131 standartlara (ISO\/IEC27001 ve GDPR) uygun ba\u015far\u0131l\u0131 uygulamalar.<\/p>\n<p><strong>Kuruma \u00f6zg\u00fc bilgi g\u00fcvenli\u011fi risk analizi e\u011fitimi;<\/strong>\u00a0 ISO27001 \/ ISO27005 risk analizi kavramlar\u0131 ve risk analizi, farkl\u0131 risk analizi yakla\u015f\u0131mlar\u0131 ve modelleri, risk analizi teorisi ile pratik aras\u0131ndaki farkl\u0131l\u0131klar,\u00a0 somut \u00f6rneklerle varl\u0131k, zafiyet, tehdit, kontrol ili\u015fkileri, g\u00fcvenlik kontrol kataloglar\u0131, yaz\u0131l\u0131mla risk analizi sim\u00fclasyonu ve uygulamal\u0131 \u00f6rnekler.<\/p>\n<p><strong>Kurumsal risk analizi dan\u0131\u015fmanl\u0131\u011f\u0131;<\/strong> teknik uzmanlarla yaz\u0131l\u0131m deste\u011fi ile varl\u0131k ve s\u00fcre\u00e7 analizi, g\u00fcvenilir zafiyet ve tehdit k\u00fct\u00fcphaneleri, parasal ve g\u00f6receli risk k\u0131ymetlendirmesi, 1300 alt kontrol ile detayl\u0131 analizler, yat\u0131r\u0131m (kontrol)-risk azaltma maliyet etkinli\u011fi hesaplar\u0131 ve risk iyile\u015ftirme yol haritas\u0131 geli\u015ftirilmesi.<\/p>\n<p><strong>Bilgi g\u00fcvenli\u011fi teknik mimarisi tasar\u0131m\u0131 ve ko<\/strong><strong>ntrol\u00f6rl\u00fc\u011f\u00fc hizmetleri.<\/strong><\/p>\n<p><strong>Maliyet-etkin \u00e7\u00f6z\u00fcmler<\/strong>; kurumsal y\u00f6netim portali\/otomasyonu, uyarlanabilir prosed\u00fcr ve politikalar, uygun teknik \u00e7\u00f6z\u00fcmler, s\u0131zma testleri ve teknik denetimler.<\/p>\n<p style=\"text-align: center;\"><a href=\"http:\/\/probitas.com.tr\/wp-content\/uploads\/2014\/12\/file0001323220069.jpg\"><img loading=\"lazy\" class=\"aligncenter size-medium wp-image-53\" src=\"http:\/\/probitas.com.tr\/wp-content\/uploads\/2014\/12\/file0001323220069-300x211.jpg\" alt=\"file0001323220069\" width=\"300\" height=\"211\" srcset=\"https:\/\/probitas.com.tr\/wp-content\/uploads\/2014\/12\/file0001323220069-300x211.jpg 300w, https:\/\/probitas.com.tr\/wp-content\/uploads\/2014\/12\/file0001323220069-1024x720.jpg 1024w, https:\/\/probitas.com.tr\/wp-content\/uploads\/2014\/12\/file0001323220069-700x492.jpg 700w\" sizes=\"(max-width: 300px) 100vw, 300px\" \/><\/a>.<\/p>\n","protected":false},"excerpt":{"rendered":"<p>Bilgi G\u00fcvenli\u011fi Y\u00f6netim Sistemi ve Ki\u015fisel Veri G\u00fcvenli\u011fi Y\u00f6netim Sistemlerini ISO\/IEC 27001, ISO\/IEC 27701 (GDPR) standartlar\u0131na uygun \u015fekilde kurmakta, e\u011fitimini vermekte ve sertifikaland\u0131r\u0131lmas\u0131n\u0131 sa\u011flamaktay\u0131z. Uluslararas\u0131 Standartlara Uygun\u00a0 Ki\u015fisel Veri G\u00fcvenli\u011fi Risk Analizi Anlaml\u0131 ve Uygulanabilir Ki\u015fisel Veri \u0130\u015fleme Envanteri Ki\u015fisel Verilerin Korunmas\u0131 Kanununa , GDPR ve ISO\/IEC 27701\u2019e tam uyumlu maliyet-etkin \u00e7\u00f6z\u00fcm Kamu Kurulu\u015flar\u0131 ve [&hellip;]<\/p>\n","protected":false},"author":1,"featured_media":0,"parent":93,"menu_order":0,"comment_status":"open","ping_status":"open","template":"","meta":[],"_links":{"self":[{"href":"https:\/\/probitas.com.tr\/index.php?rest_route=\/wp\/v2\/pages\/119"}],"collection":[{"href":"https:\/\/probitas.com.tr\/index.php?rest_route=\/wp\/v2\/pages"}],"about":[{"href":"https:\/\/probitas.com.tr\/index.php?rest_route=\/wp\/v2\/types\/page"}],"author":[{"embeddable":true,"href":"https:\/\/probitas.com.tr\/index.php?rest_route=\/wp\/v2\/users\/1"}],"replies":[{"embeddable":true,"href":"https:\/\/probitas.com.tr\/index.php?rest_route=%2Fwp%2Fv2%2Fcomments&post=119"}],"version-history":[{"count":10,"href":"https:\/\/probitas.com.tr\/index.php?rest_route=\/wp\/v2\/pages\/119\/revisions"}],"predecessor-version":[{"id":324,"href":"https:\/\/probitas.com.tr\/index.php?rest_route=\/wp\/v2\/pages\/119\/revisions\/324"}],"up":[{"embeddable":true,"href":"https:\/\/probitas.com.tr\/index.php?rest_route=\/wp\/v2\/pages\/93"}],"wp:attachment":[{"href":"https:\/\/probitas.com.tr\/index.php?rest_route=%2Fwp%2Fv2%2Fmedia&parent=119"}],"curies":[{"name":"wp","href":"https:\/\/api.w.org\/{rel}","templated":true}]}}