{"id":112,"date":"2014-12-08T01:22:40","date_gmt":"2014-12-07T23:22:40","guid":{"rendered":"http:\/\/probitas.com.tr\/?page_id=112"},"modified":"2022-11-01T19:43:48","modified_gmt":"2022-11-01T16:43:48","slug":"e-devlet","status":"publish","type":"page","link":"https:\/\/probitas.com.tr\/?page_id=112","title":{"rendered":"E-devlet"},"content":{"rendered":"<p>B\u00fcy\u00fck \u00f6l\u00e7ekli e-devlet projeleri b\u00fct\u00fcnsel bir yakla\u015f\u0131m gerektirmektedir. Mevzuat analizini de kapsayan detayl\u0131 bir ihtiya\u00e7 analizine dayanan kapsam\u0131 iyi belirlenmi\u015f, mu\u011flak olmayan, ger\u00e7ek\u00e7i bir \u015fartname ile yola \u00e7\u0131k\u0131lmas\u0131 ba\u015far\u0131 i\u00e7in en b\u00fcy\u00fck gerekliliktir.\u00a0 Bunu do\u011fru teknolojinin ve y\u00fcklenicinin se\u00e7ilmesi, hem m\u00fc\u015fteri\/kullan\u0131c\u0131 hem y\u00fcklenici taraf\u0131nda projenin yetkin ekiplerle sahiplenilmesi, disiplinli bir proje y\u00f6netimi\u00a0 izlemektedir.<\/p>\n<div id=\"attachment_139\" style=\"width: 510px\" class=\"wp-caption aligncenter\"><a href=\"http:\/\/probitas.com.tr\/wp-content\/uploads\/2014\/12\/Piasedcture11.png\"><img aria-describedby=\"caption-attachment-139\" loading=\"lazy\" class=\"wp-image-139\" src=\"http:\/\/probitas.com.tr\/wp-content\/uploads\/2014\/12\/Piasedcture11-300x270.png\" alt=\"(c) 2013 probitas\" width=\"500\" height=\"451\" srcset=\"https:\/\/probitas.com.tr\/wp-content\/uploads\/2014\/12\/Piasedcture11-300x270.png 300w, https:\/\/probitas.com.tr\/wp-content\/uploads\/2014\/12\/Piasedcture11-624x563.png 624w, https:\/\/probitas.com.tr\/wp-content\/uploads\/2014\/12\/Piasedcture11.png 861w\" sizes=\"(max-width: 500px) 100vw, 500px\" \/><\/a><p id=\"caption-attachment-139\" class=\"wp-caption-text\">(c) 2013 probitas<\/p><\/div>\n<p>Kamu taraf\u0131nda a\u015fa\u011f\u0131daki kurulu\u015flarda mevzuat analizleri yap\u0131larak, e-devlet projeleri ile ilgili \u00e7al\u0131\u015fmalar ger\u00e7ekle\u015ftirilmi\u015ftir.<\/p>\n<ul>\n<li>Bilgi Teknolojileri Kurumu ((BT Yap\u0131lanmas\u0131)<\/li>\n<li>\u00c7evre ve \u015eehircilik Bakanl\u0131\u011f\u0131 Tapu Kadastro Genel M\u00fcd\u00fcrl\u00fc\u011f\u00fc (TAKB\u0130S)<\/li>\n<li>\u00c7evre ve \u015eehircilik Bakanl\u0131\u011f\u0131 Tabiat Varl\u0131klar\u0131n\u0131 Koruma Genel M\u00fcd\u00fcrl\u00fc\u011f\u00fc (BT otomasyonu)<\/li>\n<li>\u00c7evre ve \u015eehircilik Bakanl\u0131\u011f\u0131 \u0130ller Bankas\u0131 (BT Yap\u0131lanmas\u0131 ve \u0130\u00e7 Kontrol Sistemi)<\/li>\n<li>\u0130\u00e7 \u0130\u015fleri Bakanl\u0131\u011f\u0131 Emniyet Genel M\u00fcd\u00fcrl\u00fc\u011f\u00fc (BT Yap\u0131lanmas\u0131)<\/li>\n<li>\u0130\u00e7 \u0130\u015fleri Bakanl\u0131\u011f\u0131 Jandarma Genel Komutanl\u0131\u011f\u0131 (Asayi\u015f-Kolluk Portal\u0131)<\/li>\n<li>\u0130\u00e7 \u0130\u015fleri Bakanl\u0131\u011f\u0131 G\u00f6\u00e7 \u0130\u015fleri Genel M\u00fcd\u00fcrl\u00fc\u011f\u00fc (BT Yap\u0131lanmas\u0131)<\/li>\n<li>Tar\u0131m Bakanl\u0131\u011f\u0131 Tar\u0131m Reformu Genel M\u00fcd\u00fcrl\u00fc\u011f\u00fc (Nitrat Bilgi Sistemi)<\/li>\n<li>TURKSAT e-devlet projeleri analizi (BT Projeleri Analizi)<\/li>\n<li>Sa\u011fl\u0131k Bakanl\u0131\u011f\u0131 Strateji Geli\u015ftirme Ba\u015fkanl\u0131\u011f\u0131 (BT Yap\u0131lanmas\u0131 ve \u0130\u00e7 Kontrol Sistemi)<\/li>\n<li>SGK Hizmet Sunumu Genel M\u00fcd\u00fcrl\u00fc\u011f\u00fc (BT Yap\u0131lanmas\u0131)<\/li>\n<li>Orman Bakanl\u0131\u011f\u0131 ORB\u0130S Projesi<\/li>\n<li>Tar\u0131m Bakanl\u0131\u011f\u0131 Bitkisel \u00dcretim Genel M\u00fcd\u00fcrl\u00fc\u011f\u00fc<\/li>\n<li>Enerji Bakanl\u0131\u011f\u0131 Yenilenebilir Enerji Genel M\u00fcd\u00fcrl\u00fc\u011f\u00fc<\/li>\n<li>Milli E\u011fitim Bakanl\u0131\u011f\u0131 Bilgi i\u015flem Daire Ba\u015fkanl\u0131\u011f\u0131<\/li>\n<li>Sanayi Bakanl\u0131\u011f\u0131 (KOSGEB)<\/li>\n<li>S\u0131n\u0131r Y\u00f6netimi Ulusal Koordinasyon ve Risk Analizi Merkezi<\/li>\n<li>USOM-SOME Y\u00f6netmelikleri<\/li>\n<li>Yurt D\u0131\u015f\u0131 T\u00fcrkler Ba\u015fkanl\u0131\u011f\u0131 (T\u00fcrkiye Mezunlar\u0131 ve Diaspora Projeleri)<\/li>\n<li>CFCU Merkezi ihale Birimi (AB Dan\u0131\u015fmanl\u0131k Hizmeti)<\/li>\n<li>DHMI Afet ve Acil Durum \u0130htiya\u00e7 Analizi<\/li>\n<\/ul>\n","protected":false},"excerpt":{"rendered":"<p>B\u00fcy\u00fck \u00f6l\u00e7ekli e-devlet projeleri b\u00fct\u00fcnsel bir yakla\u015f\u0131m gerektirmektedir. Mevzuat analizini de kapsayan detayl\u0131 bir ihtiya\u00e7 analizine dayanan kapsam\u0131 iyi belirlenmi\u015f, mu\u011flak olmayan, ger\u00e7ek\u00e7i bir \u015fartname ile yola \u00e7\u0131k\u0131lmas\u0131 ba\u015far\u0131 i\u00e7in en b\u00fcy\u00fck gerekliliktir.\u00a0 Bunu do\u011fru teknolojinin ve y\u00fcklenicinin se\u00e7ilmesi, hem m\u00fc\u015fteri\/kullan\u0131c\u0131 hem y\u00fcklenici taraf\u0131nda projenin yetkin ekiplerle sahiplenilmesi, disiplinli bir proje y\u00f6netimi\u00a0 izlemektedir. Kamu taraf\u0131nda [&hellip;]<\/p>\n","protected":false},"author":1,"featured_media":0,"parent":93,"menu_order":0,"comment_status":"open","ping_status":"open","template":"","meta":[],"_links":{"self":[{"href":"https:\/\/probitas.com.tr\/index.php?rest_route=\/wp\/v2\/pages\/112"}],"collection":[{"href":"https:\/\/probitas.com.tr\/index.php?rest_route=\/wp\/v2\/pages"}],"about":[{"href":"https:\/\/probitas.com.tr\/index.php?rest_route=\/wp\/v2\/types\/page"}],"author":[{"embeddable":true,"href":"https:\/\/probitas.com.tr\/index.php?rest_route=\/wp\/v2\/users\/1"}],"replies":[{"embeddable":true,"href":"https:\/\/probitas.com.tr\/index.php?rest_route=%2Fwp%2Fv2%2Fcomments&post=112"}],"version-history":[{"count":15,"href":"https:\/\/probitas.com.tr\/index.php?rest_route=\/wp\/v2\/pages\/112\/revisions"}],"predecessor-version":[{"id":388,"href":"https:\/\/probitas.com.tr\/index.php?rest_route=\/wp\/v2\/pages\/112\/revisions\/388"}],"up":[{"embeddable":true,"href":"https:\/\/probitas.com.tr\/index.php?rest_route=\/wp\/v2\/pages\/93"}],"wp:attachment":[{"href":"https:\/\/probitas.com.tr\/index.php?rest_route=%2Fwp%2Fv2%2Fmedia&parent=112"}],"curies":[{"name":"wp","href":"https:\/\/api.w.org\/{rel}","templated":true}]}}